{"id":1627,"date":"2025-06-24T12:41:42","date_gmt":"2025-06-24T10:41:42","guid":{"rendered":"http:\/\/twincityhub.eu.w01b2126.kasserver.com\/aktivity\/"},"modified":"2025-08-05T13:25:42","modified_gmt":"2025-08-05T11:25:42","slug":"aktivity","status":"publish","type":"page","link":"https:\/\/www.twincityhub.eu\/sk\/aktivity\/","title":{"rendered":"Aktivity"},"content":{"rendered":"<p>[et_pb_section fb_built=&#8220;1&#8243; fullwidth=&#8220;on&#8220; _builder_version=&#8220;4.27.4&#8243; _module_preset=&#8220;default&#8220; global_colors_info=&#8220;{}&#8220;][et_pb_fullwidth_header title=&#8220;Aktivity&#8220; admin_label=&#8220;Headline 1&#8243; _builder_version=&#8220;4.27.4&#8243; _module_preset=&#8220;default&#8220; background_color=&#8220;#FFFFFF&#8220; background_image=&#8220;https:\/\/www.twincityhub.eu\/wp-content\/uploads\/2025\/08\/Skyline_Vienna_Bratislava-scaled-e1754053928770.png&#8220; background_layout=&#8220;light&#8220; custom_margin=&#8220;||||false|false&#8220; custom_padding=&#8220;0px||100px||false|false&#8220; hover_enabled=&#8220;0&#8243; global_colors_info=&#8220;{}&#8220; background_size=&#8220;contain&#8220; sticky_enabled=&#8220;0&#8243;][\/et_pb_fullwidth_header][\/et_pb_section][et_pb_section fb_built=&#8220;1&#8243; _builder_version=&#8220;4.27.4&#8243; _module_preset=&#8220;default&#8220; background_color=&#8220;RGBA(255,255,255,0)&#8220; locked=&#8220;off&#8220; collapsed=&#8220;on&#8220; global_colors_info=&#8220;{}&#8220;][et_pb_row _builder_version=&#8220;4.27.4&#8243; _module_preset=&#8220;default&#8220; global_colors_info=&#8220;{}&#8220;][et_pb_column type=&#8220;4_4&#8243; _builder_version=&#8220;4.27.4&#8243; _module_preset=&#8220;default&#8220; global_colors_info=&#8220;{}&#8220;][et_pb_text _builder_version=&#8220;4.27.4&#8243; _module_preset=&#8220;default&#8220; global_colors_info=&#8220;{}&#8220;]<\/p>\n<h2 style=\"text-align: center;\">Preh\u013ead na\u0161ich pracovn\u00fdch bal\u00edkov<\/h2>\n<p style=\"text-align: center;\">V\u0161etky pl\u00e1novan\u00e9 aktivity projektu sme rozdelili do 5 pracovn\u00fdch bal\u00edkov.<\/p>\n<p>[\/et_pb_text][\/et_pb_column][\/et_pb_row][\/et_pb_section][et_pb_section fb_built=&#8220;1&#8243; _builder_version=&#8220;4.27.4&#8243; _module_preset=&#8220;default&#8220; background_color=&#8220;#F4F1DF&#8220; locked=&#8220;off&#8220; collapsed=&#8220;off&#8220; global_colors_info=&#8220;{}&#8220;][et_pb_row _builder_version=&#8220;4.27.4&#8243; _module_preset=&#8220;default&#8220; global_colors_info=&#8220;{}&#8220;][et_pb_column type=&#8220;4_4&#8243; _builder_version=&#8220;4.27.4&#8243; _module_preset=&#8220;default&#8220; global_colors_info=&#8220;{}&#8220;][et_pb_image src=&#8220;https:\/\/www.twincityhub.eu\/wp-content\/uploads\/2025\/06\/Globe_klein-1.png&#8220; title_text=&#8220;Globus_maly&#8220; align=&#8220;center&#8220; _builder_version=&#8220;4.27.4&#8243; _module_preset=&#8220;default&#8220; global_colors_info=&#8220;{}&#8220;][\/et_pb_image][et_pb_text _builder_version=&#8220;4.27.4&#8243; _module_preset=&#8220;default&#8220; global_colors_info=&#8220;{}&#8220;]<\/p>\n<h3 style=\"text-align: center;\">Pracovn\u00fd bal\u00edk 1 \u2013 Inova\u010dn\u00e1 strat\u00e9gia bud\u00facnosti \u2013 v\u00fdrobn\u00fd sektor<\/h3>\n<p style=\"text-align: center;\">Celkov\u00e1 koordin\u00e1cia v\u0161etk\u00fdch pracovn\u00fdch bal\u00edkov, organiz\u00e1cia prieskumn\u00fdch ciest, memorandum o porozumen\u00ed pre politick\u00fdch akt\u00e9rov, integr\u00e1cia v\u00fdsledkov do pr\u00edru\u010dky s odpor\u00fa\u010daniami pre cezhrani\u010dn\u00fa inova\u010dn\u00fa strat\u00e9giu.<\/p>\n<p>[\/et_pb_text][\/et_pb_column][\/et_pb_row][et_pb_row column_structure=&#8220;1_3,1_3,1_3&#8243; _builder_version=&#8220;4.27.4&#8243; _module_preset=&#8220;default&#8220; global_colors_info=&#8220;{}&#8220;][et_pb_column type=&#8220;1_3&#8243; _builder_version=&#8220;4.27.4&#8243; _module_preset=&#8220;default&#8220; global_colors_info=&#8220;{}&#8220;][et_pb_image src=&#8220;https:\/\/www.twincityhub.eu\/wp-content\/uploads\/2025\/06\/Startup_klein.png&#8220; title_text=&#8220;Startup_maly&#8220; align=&#8220;center&#8220; _builder_version=&#8220;4.27.4&#8243; _module_preset=&#8220;default&#8220; global_colors_info=&#8220;{}&#8220;][\/et_pb_image][et_pb_text _builder_version=&#8220;4.27.4&#8243; _module_preset=&#8220;default&#8220; global_colors_info=&#8220;{}&#8220;]<\/p>\n<h3 style=\"text-align: center;\">Pracovn\u00fd bal\u00edk 2 \u2013 Inkub\u00e1cia bud\u00facnosti<\/h3>\n<p style=\"text-align: center;\">Anal\u00fdza inkub\u00e1torov a akceler\u00e1torov, vytvorenie modelu cezhrani\u010dnej spolupr\u00e1ce, pilotn\u00e9 aktivity a \u0161kolenia, roadshows a \u0161printy, hodnotenie aktiv\u00edt, syst\u00e9m v\u00fdziev pre startupy, vytvorenie n\u00e1strojov pre bud\u00facu inkub\u00e1ciu.<\/p>\n<p>[\/et_pb_text][\/et_pb_column][et_pb_column type=&#8220;1_3&#8243; _builder_version=&#8220;4.27.4&#8243; _module_preset=&#8220;default&#8220; global_colors_info=&#8220;{}&#8220;][et_pb_image src=&#8220;https:\/\/www.twincityhub.eu\/wp-content\/uploads\/2025\/06\/AI_klein.png&#8220; title_text=&#8220;AI_maly&#8220; align=&#8220;center&#8220; _builder_version=&#8220;4.27.4&#8243; _module_preset=&#8220;default&#8220; global_colors_info=&#8220;{}&#8220;][\/et_pb_image][et_pb_text _builder_version=&#8220;4.27.4&#8243; _module_preset=&#8220;default&#8220; global_colors_info=&#8220;{}&#8220;]<\/p>\n<h3 style=\"text-align: center;\">Pracovn\u00fd bal\u00edk 3 \u2013 Pracovn\u00e1 sila bud\u00facnosti<\/h3>\n<p style=\"text-align: center;\">Anal\u00fdza vzdel\u00e1vac\u00edch postupov, vytvorenie modelu integr\u00e1cie inov\u00e1ci\u00ed, syst\u00e9m v\u00fdziev pre za\u010d\u00ednaj\u00face podniky v oblasti vzdel\u00e1vac\u00edch technol\u00f3gi\u00ed, v\u00fdber a implement\u00e1cia cezhrani\u010dn\u00fdch vzdel\u00e1vac\u00edch programov, vytvorenie s\u00faboru n\u00e1strojov pre pracovn\u00fa silu bud\u00facnosti.<\/p>\n<p>[\/et_pb_text][\/et_pb_column][et_pb_column type=&#8220;1_3&#8243; _builder_version=&#8220;4.27.4&#8243; _module_preset=&#8220;default&#8220; global_colors_info=&#8220;{}&#8220;][et_pb_image src=&#8220;https:\/\/www.twincityhub.eu\/wp-content\/uploads\/2025\/06\/Manufacturing_klein.png&#8220; title_text=&#8220;V\u00fdroba_maly&#8220; align=&#8220;center&#8220; _builder_version=&#8220;4.27.4&#8243; _module_preset=&#8220;default&#8220; global_colors_info=&#8220;{}&#8220;][\/et_pb_image][et_pb_text _builder_version=&#8220;4.27.4&#8243; _module_preset=&#8220;default&#8220; global_colors_info=&#8220;{}&#8220;]<\/p>\n<h3 style=\"text-align: center;\">Pracovn\u00fd bal\u00edk 4 \u2013 Podniky bud\u00facnosti<\/h3>\n<p style=\"text-align: center;\">Syst\u00e9m verejn\u00fdch s\u00fa\u0165a\u017e\u00ed pre podniky a start-upy, cezhrani\u010dn\u00e9 zav\u00e1dzanie koncepcie IMM, budovanie zna\u010dky, vytvorenie s\u00faboru n\u00e1strojov pre podniky bud\u00facnosti.<\/p>\n<p>[\/et_pb_text][\/et_pb_column][\/et_pb_row][et_pb_row _builder_version=&#8220;4.27.4&#8243; _module_preset=&#8220;default&#8220; global_colors_info=&#8220;{}&#8220;][et_pb_column type=&#8220;4_4&#8243; _builder_version=&#8220;4.27.4&#8243; _module_preset=&#8220;default&#8220; global_colors_info=&#8220;{}&#8220;][et_pb_image src=&#8220;https:\/\/www.twincityhub.eu\/wp-content\/uploads\/2025\/06\/Porcesses_klein.png&#8220; title_text=&#8220;Procesy_maly&#8220; align=&#8220;center&#8220; _builder_version=&#8220;4.27.4&#8243; _module_preset=&#8220;default&#8220; global_colors_info=&#8220;{}&#8220;][\/et_pb_image][et_pb_text _builder_version=&#8220;4.27.4&#8243; _module_preset=&#8220;default&#8220; global_colors_info=&#8220;{}&#8220;]<\/p>\n<h3 style=\"text-align: center;\">Pracovn\u00fd bal\u00edk 5 \u2013 Komunita Twin City Future Innovation Manufacturing Hub<\/h3>\n<p style=\"text-align: center;\">V\u00fdvoj participat\u00edvnych komunika\u010dn\u00fdch koncepci\u00ed Quadruple Helix, zriadenie a implement\u00e1cia r\u00f4znych pracovn\u00fdch skup\u00edn zameran\u00fdch na umel\u00fa inteligenciu, v\u00fdmenu \u00fadajov, obehov\u00e9 hospod\u00e1rstvo, inova\u010dn\u00fa strat\u00e9giu, monitorovanie a ukladanie poznatkov z pracovn\u00fdch bal\u00edkov 2-4.<\/p>\n<p>[\/et_pb_text][\/et_pb_column][\/et_pb_row][\/et_pb_section][et_pb_section fb_built=&#8220;1&#8243; _builder_version=&#8220;4.27.4&#8243; _module_preset=&#8220;default&#8220; background_color=&#8220;RGBA(255,255,255,0)&#8220; locked=&#8220;off&#8220; collapsed=&#8220;off&#8220; global_colors_info=&#8220;{}&#8220;][et_pb_row _builder_version=&#8220;4.27.4&#8243; _module_preset=&#8220;default&#8220; global_colors_info=&#8220;{}&#8220;][et_pb_column type=&#8220;4_4&#8243; _builder_version=&#8220;4.27.4&#8243; _module_preset=&#8220;default&#8220; global_colors_info=&#8220;{}&#8220;][et_pb_text _builder_version=&#8220;4.27.4&#8243; _module_preset=&#8220;default&#8220; global_colors_info=&#8220;{}&#8220;]<\/p>\n<h2 style=\"text-align: center;\">M\u00e1\u0161 chu\u0165 pripoji\u0165 sa?<\/h2>\n<p style=\"text-align: center;\">Tak sa n\u00e1m ozvi! <a href=\"https:\/\/www.twincityhub.eu\/sk\/kontakt\/\">Kontakt<\/a><\/p>\n<p>[\/et_pb_text][\/et_pb_column][\/et_pb_row][\/et_pb_section]<\/p>\n","protected":false},"excerpt":{"rendered":"<p>Preh\u013ead na\u0161ich pracovn\u00fdch bal\u00edkov V\u0161etky pl\u00e1novan\u00e9 aktivity projektu sme rozdelili do 5 pracovn\u00fdch bal\u00edkov.Pracovn\u00fd bal\u00edk 1 \u2013 Inova\u010dn\u00e1 strat\u00e9gia bud\u00facnosti \u2013 v\u00fdrobn\u00fd sektor Celkov\u00e1 koordin\u00e1cia v\u0161etk\u00fdch pracovn\u00fdch bal\u00edkov, organiz\u00e1cia prieskumn\u00fdch ciest, memorandum o porozumen\u00ed pre politick\u00fdch akt\u00e9rov, integr\u00e1cia v\u00fdsledkov do pr\u00edru\u010dky s odpor\u00fa\u010daniami pre cezhrani\u010dn\u00fa inova\u010dn\u00fa strat\u00e9giu.Pracovn\u00fd bal\u00edk 2 \u2013 Inkub\u00e1cia bud\u00facnosti Anal\u00fdza inkub\u00e1torov a akceler\u00e1torov, vytvorenie modelu cezhrani\u010dnej spolupr\u00e1ce, pilotn\u00e9 aktivity a \u0161kolenia, roadshows a \u0161printy, hodnotenie aktiv\u00edt, syst\u00e9m v\u00fdziev pre startupy, vytvorenie n\u00e1strojov pre bud\u00facu inkub\u00e1ciu.Pracovn\u00fd bal\u00edk 3 \u2013 Pracovn\u00e1 sila bud\u00facnosti Anal\u00fdza vzdel\u00e1vac\u00edch postupov, vytvorenie modelu integr\u00e1cie inov\u00e1ci\u00ed, syst\u00e9m v\u00fdziev pre za\u010d\u00ednaj\u00face podniky v oblasti vzdel\u00e1vac\u00edch technol\u00f3gi\u00ed, v\u00fdber a implement\u00e1cia cezhrani\u010dn\u00fdch vzdel\u00e1vac\u00edch programov, vytvorenie s\u00faboru n\u00e1strojov pre pracovn\u00fa silu bud\u00facnosti.Pracovn\u00fd bal\u00edk 4 \u2013 Podniky bud\u00facnosti Syst\u00e9m verejn\u00fdch s\u00fa\u0165a\u017e\u00ed pre podniky a start-upy, cezhrani\u010dn\u00e9 zav\u00e1dzanie koncepcie IMM, budovanie zna\u010dky, vytvorenie s\u00faboru n\u00e1strojov pre podniky bud\u00facnosti.Pracovn\u00fd bal\u00edk 5 \u2013 Komunita Twin City Future Innovation Manufacturing Hub V\u00fdvoj participat\u00edvnych komunika\u010dn\u00fdch koncepci\u00ed Quadruple Helix, zriadenie a implement\u00e1cia r\u00f4znych pracovn\u00fdch skup\u00edn zameran\u00fdch na umel\u00fa inteligenciu, v\u00fdmenu \u00fadajov, obehov\u00e9 hospod\u00e1rstvo, inova\u010dn\u00fa strat\u00e9giu, monitorovanie a ukladanie poznatkov z pracovn\u00fdch bal\u00edkov 2-4.M\u00e1\u0161 chu\u0165 pripoji\u0165 sa? Tak sa n\u00e1m ozvi! Kontakt<\/p>\n","protected":false},"author":2,"featured_media":0,"parent":0,"menu_order":0,"comment_status":"closed","ping_status":"closed","template":"","meta":{"_acf_changed":false,"_et_pb_use_builder":"on","_et_pb_old_content":"","_et_gb_content_width":"","footnotes":""},"class_list":["post-1627","page","type-page","status-publish","hentry"],"acf":[],"yoast_head":"<!-- This site is optimized with the Yoast SEO plugin v27.6 - https:\/\/yoast.com\/product\/yoast-seo-wordpress\/ -->\n<title>Aktivity - Twin City Future Innovation Manufacturing Hub<\/title>\n<meta name=\"robots\" content=\"index, follow, max-snippet:-1, max-image-preview:large, max-video-preview:-1\" \/>\n<link rel=\"canonical\" href=\"https:\/\/www.twincityhub.eu\/sk\/aktivity\/\" \/>\n<meta property=\"og:locale\" content=\"sk_SK\" \/>\n<meta property=\"og:type\" content=\"article\" \/>\n<meta property=\"og:title\" content=\"Aktivity - Twin City Future Innovation Manufacturing Hub\" \/>\n<meta property=\"og:description\" content=\"Preh\u013ead na\u0161ich pracovn\u00fdch bal\u00edkov V\u0161etky pl\u00e1novan\u00e9 aktivity projektu sme rozdelili do 5 pracovn\u00fdch bal\u00edkov.Pracovn\u00fd bal\u00edk 1 \u2013 Inova\u010dn\u00e1 strat\u00e9gia bud\u00facnosti \u2013 v\u00fdrobn\u00fd sektor Celkov\u00e1 koordin\u00e1cia v\u0161etk\u00fdch pracovn\u00fdch bal\u00edkov, organiz\u00e1cia prieskumn\u00fdch ciest, memorandum o porozumen\u00ed pre politick\u00fdch akt\u00e9rov, integr\u00e1cia v\u00fdsledkov do pr\u00edru\u010dky s odpor\u00fa\u010daniami pre cezhrani\u010dn\u00fa inova\u010dn\u00fa strat\u00e9giu.Pracovn\u00fd bal\u00edk 2 \u2013 Inkub\u00e1cia bud\u00facnosti Anal\u00fdza inkub\u00e1torov a akceler\u00e1torov, vytvorenie modelu cezhrani\u010dnej spolupr\u00e1ce, pilotn\u00e9 aktivity a \u0161kolenia, roadshows a \u0161printy, hodnotenie aktiv\u00edt, syst\u00e9m v\u00fdziev pre startupy, vytvorenie n\u00e1strojov pre bud\u00facu inkub\u00e1ciu.Pracovn\u00fd bal\u00edk 3 \u2013 Pracovn\u00e1 sila bud\u00facnosti Anal\u00fdza vzdel\u00e1vac\u00edch postupov, vytvorenie modelu integr\u00e1cie inov\u00e1ci\u00ed, syst\u00e9m v\u00fdziev pre za\u010d\u00ednaj\u00face podniky v oblasti vzdel\u00e1vac\u00edch technol\u00f3gi\u00ed, v\u00fdber a implement\u00e1cia cezhrani\u010dn\u00fdch vzdel\u00e1vac\u00edch programov, vytvorenie s\u00faboru n\u00e1strojov pre pracovn\u00fa silu bud\u00facnosti.Pracovn\u00fd bal\u00edk 4 \u2013 Podniky bud\u00facnosti Syst\u00e9m verejn\u00fdch s\u00fa\u0165a\u017e\u00ed pre podniky a start-upy, cezhrani\u010dn\u00e9 zav\u00e1dzanie koncepcie IMM, budovanie zna\u010dky, vytvorenie s\u00faboru n\u00e1strojov pre podniky bud\u00facnosti.Pracovn\u00fd bal\u00edk 5 \u2013 Komunita Twin City Future Innovation Manufacturing Hub V\u00fdvoj participat\u00edvnych komunika\u010dn\u00fdch koncepci\u00ed Quadruple Helix, zriadenie a implement\u00e1cia r\u00f4znych pracovn\u00fdch skup\u00edn zameran\u00fdch na umel\u00fa inteligenciu, v\u00fdmenu \u00fadajov, obehov\u00e9 hospod\u00e1rstvo, inova\u010dn\u00fa strat\u00e9giu, monitorovanie a ukladanie poznatkov z pracovn\u00fdch bal\u00edkov 2-4.M\u00e1\u0161 chu\u0165 pripoji\u0165 sa? Tak sa n\u00e1m ozvi! Kontakt\" \/>\n<meta property=\"og:url\" content=\"https:\/\/www.twincityhub.eu\/sk\/aktivity\/\" \/>\n<meta property=\"og:site_name\" content=\"Twin City Future Innovation Manufacturing Hub\" \/>\n<meta property=\"article:modified_time\" content=\"2025-08-05T11:25:42+00:00\" \/>\n<meta name=\"twitter:card\" content=\"summary_large_image\" \/>\n<meta name=\"twitter:label1\" content=\"Predpokladan\u00fd \u010das \u010d\u00edtania\" \/>\n\t<meta name=\"twitter:data1\" content=\"4 min\u00faty\" \/>\n<script type=\"application\/ld+json\" class=\"yoast-schema-graph\">{\"@context\":\"https:\\\/\\\/schema.org\",\"@graph\":[{\"@type\":\"WebPage\",\"@id\":\"https:\\\/\\\/www.twincityhub.eu\\\/sk\\\/aktivity\\\/\",\"url\":\"https:\\\/\\\/www.twincityhub.eu\\\/sk\\\/aktivity\\\/\",\"name\":\"Aktivity - Twin City Future Innovation Manufacturing Hub\",\"isPartOf\":{\"@id\":\"https:\\\/\\\/www.twincityhub.eu\\\/#website\"},\"datePublished\":\"2025-06-24T10:41:42+00:00\",\"dateModified\":\"2025-08-05T11:25:42+00:00\",\"breadcrumb\":{\"@id\":\"https:\\\/\\\/www.twincityhub.eu\\\/sk\\\/aktivity\\\/#breadcrumb\"},\"inLanguage\":\"sk-SK\",\"potentialAction\":[{\"@type\":\"ReadAction\",\"target\":[\"https:\\\/\\\/www.twincityhub.eu\\\/sk\\\/aktivity\\\/\"]}]},{\"@type\":\"BreadcrumbList\",\"@id\":\"https:\\\/\\\/www.twincityhub.eu\\\/sk\\\/aktivity\\\/#breadcrumb\",\"itemListElement\":[{\"@type\":\"ListItem\",\"position\":1,\"name\":\"Startseite\",\"item\":\"https:\\\/\\\/www.twincityhub.eu\\\/sk\\\/\"},{\"@type\":\"ListItem\",\"position\":2,\"name\":\"Aktivity\"}]},{\"@type\":\"WebSite\",\"@id\":\"https:\\\/\\\/www.twincityhub.eu\\\/#website\",\"url\":\"https:\\\/\\\/www.twincityhub.eu\\\/\",\"name\":\"Twin City Future Innovation Manufacturing Hub\",\"description\":\"2C FIMH\",\"publisher\":{\"@id\":\"https:\\\/\\\/www.twincityhub.eu\\\/#organization\"},\"potentialAction\":[{\"@type\":\"SearchAction\",\"target\":{\"@type\":\"EntryPoint\",\"urlTemplate\":\"https:\\\/\\\/www.twincityhub.eu\\\/?s={search_term_string}\"},\"query-input\":{\"@type\":\"PropertyValueSpecification\",\"valueRequired\":true,\"valueName\":\"search_term_string\"}}],\"inLanguage\":\"sk-SK\"},{\"@type\":\"Organization\",\"@id\":\"https:\\\/\\\/www.twincityhub.eu\\\/#organization\",\"name\":\"Twin City Future Innovation Manufacturing Hub\",\"url\":\"https:\\\/\\\/www.twincityhub.eu\\\/\",\"logo\":{\"@type\":\"ImageObject\",\"inLanguage\":\"sk-SK\",\"@id\":\"https:\\\/\\\/www.twincityhub.eu\\\/#\\\/schema\\\/logo\\\/image\\\/\",\"url\":\"https:\\\/\\\/www.twincityhub.eu\\\/wp-content\\\/uploads\\\/2025\\\/03\\\/TCH_V2_co-branding_landscape_DE-scaled.png\",\"contentUrl\":\"https:\\\/\\\/www.twincityhub.eu\\\/wp-content\\\/uploads\\\/2025\\\/03\\\/TCH_V2_co-branding_landscape_DE-scaled.png\",\"width\":2560,\"height\":508,\"caption\":\"Twin City Future Innovation Manufacturing Hub\"},\"image\":{\"@id\":\"https:\\\/\\\/www.twincityhub.eu\\\/#\\\/schema\\\/logo\\\/image\\\/\"},\"sameAs\":[\"https:\\\/\\\/www.linkedin.com\\\/company\\\/twin-city-future-innovation-manufacturing-hub\\\/\",\"https:\\\/\\\/www.youtube.com\\\/@TwinCityHubSKAT\"]}]}<\/script>\n<!-- \/ Yoast SEO plugin. -->","yoast_head_json":{"title":"Aktivity - Twin City Future Innovation Manufacturing Hub","robots":{"index":"index","follow":"follow","max-snippet":"max-snippet:-1","max-image-preview":"max-image-preview:large","max-video-preview":"max-video-preview:-1"},"canonical":"https:\/\/www.twincityhub.eu\/sk\/aktivity\/","og_locale":"sk_SK","og_type":"article","og_title":"Aktivity - Twin City Future Innovation Manufacturing Hub","og_description":"Preh\u013ead na\u0161ich pracovn\u00fdch bal\u00edkov V\u0161etky pl\u00e1novan\u00e9 aktivity projektu sme rozdelili do 5 pracovn\u00fdch bal\u00edkov.Pracovn\u00fd bal\u00edk 1 \u2013 Inova\u010dn\u00e1 strat\u00e9gia bud\u00facnosti \u2013 v\u00fdrobn\u00fd sektor Celkov\u00e1 koordin\u00e1cia v\u0161etk\u00fdch pracovn\u00fdch bal\u00edkov, organiz\u00e1cia prieskumn\u00fdch ciest, memorandum o porozumen\u00ed pre politick\u00fdch akt\u00e9rov, integr\u00e1cia v\u00fdsledkov do pr\u00edru\u010dky s odpor\u00fa\u010daniami pre cezhrani\u010dn\u00fa inova\u010dn\u00fa strat\u00e9giu.Pracovn\u00fd bal\u00edk 2 \u2013 Inkub\u00e1cia bud\u00facnosti Anal\u00fdza inkub\u00e1torov a akceler\u00e1torov, vytvorenie modelu cezhrani\u010dnej spolupr\u00e1ce, pilotn\u00e9 aktivity a \u0161kolenia, roadshows a \u0161printy, hodnotenie aktiv\u00edt, syst\u00e9m v\u00fdziev pre startupy, vytvorenie n\u00e1strojov pre bud\u00facu inkub\u00e1ciu.Pracovn\u00fd bal\u00edk 3 \u2013 Pracovn\u00e1 sila bud\u00facnosti Anal\u00fdza vzdel\u00e1vac\u00edch postupov, vytvorenie modelu integr\u00e1cie inov\u00e1ci\u00ed, syst\u00e9m v\u00fdziev pre za\u010d\u00ednaj\u00face podniky v oblasti vzdel\u00e1vac\u00edch technol\u00f3gi\u00ed, v\u00fdber a implement\u00e1cia cezhrani\u010dn\u00fdch vzdel\u00e1vac\u00edch programov, vytvorenie s\u00faboru n\u00e1strojov pre pracovn\u00fa silu bud\u00facnosti.Pracovn\u00fd bal\u00edk 4 \u2013 Podniky bud\u00facnosti Syst\u00e9m verejn\u00fdch s\u00fa\u0165a\u017e\u00ed pre podniky a start-upy, cezhrani\u010dn\u00e9 zav\u00e1dzanie koncepcie IMM, budovanie zna\u010dky, vytvorenie s\u00faboru n\u00e1strojov pre podniky bud\u00facnosti.Pracovn\u00fd bal\u00edk 5 \u2013 Komunita Twin City Future Innovation Manufacturing Hub V\u00fdvoj participat\u00edvnych komunika\u010dn\u00fdch koncepci\u00ed Quadruple Helix, zriadenie a implement\u00e1cia r\u00f4znych pracovn\u00fdch skup\u00edn zameran\u00fdch na umel\u00fa inteligenciu, v\u00fdmenu \u00fadajov, obehov\u00e9 hospod\u00e1rstvo, inova\u010dn\u00fa strat\u00e9giu, monitorovanie a ukladanie poznatkov z pracovn\u00fdch bal\u00edkov 2-4.M\u00e1\u0161 chu\u0165 pripoji\u0165 sa? Tak sa n\u00e1m ozvi! Kontakt","og_url":"https:\/\/www.twincityhub.eu\/sk\/aktivity\/","og_site_name":"Twin City Future Innovation Manufacturing Hub","article_modified_time":"2025-08-05T11:25:42+00:00","twitter_card":"summary_large_image","twitter_misc":{"Predpokladan\u00fd \u010das \u010d\u00edtania":"4 min\u00faty"},"schema":{"@context":"https:\/\/schema.org","@graph":[{"@type":"WebPage","@id":"https:\/\/www.twincityhub.eu\/sk\/aktivity\/","url":"https:\/\/www.twincityhub.eu\/sk\/aktivity\/","name":"Aktivity - Twin City Future Innovation Manufacturing Hub","isPartOf":{"@id":"https:\/\/www.twincityhub.eu\/#website"},"datePublished":"2025-06-24T10:41:42+00:00","dateModified":"2025-08-05T11:25:42+00:00","breadcrumb":{"@id":"https:\/\/www.twincityhub.eu\/sk\/aktivity\/#breadcrumb"},"inLanguage":"sk-SK","potentialAction":[{"@type":"ReadAction","target":["https:\/\/www.twincityhub.eu\/sk\/aktivity\/"]}]},{"@type":"BreadcrumbList","@id":"https:\/\/www.twincityhub.eu\/sk\/aktivity\/#breadcrumb","itemListElement":[{"@type":"ListItem","position":1,"name":"Startseite","item":"https:\/\/www.twincityhub.eu\/sk\/"},{"@type":"ListItem","position":2,"name":"Aktivity"}]},{"@type":"WebSite","@id":"https:\/\/www.twincityhub.eu\/#website","url":"https:\/\/www.twincityhub.eu\/","name":"Twin City Future Innovation Manufacturing Hub","description":"2C FIMH","publisher":{"@id":"https:\/\/www.twincityhub.eu\/#organization"},"potentialAction":[{"@type":"SearchAction","target":{"@type":"EntryPoint","urlTemplate":"https:\/\/www.twincityhub.eu\/?s={search_term_string}"},"query-input":{"@type":"PropertyValueSpecification","valueRequired":true,"valueName":"search_term_string"}}],"inLanguage":"sk-SK"},{"@type":"Organization","@id":"https:\/\/www.twincityhub.eu\/#organization","name":"Twin City Future Innovation Manufacturing Hub","url":"https:\/\/www.twincityhub.eu\/","logo":{"@type":"ImageObject","inLanguage":"sk-SK","@id":"https:\/\/www.twincityhub.eu\/#\/schema\/logo\/image\/","url":"https:\/\/www.twincityhub.eu\/wp-content\/uploads\/2025\/03\/TCH_V2_co-branding_landscape_DE-scaled.png","contentUrl":"https:\/\/www.twincityhub.eu\/wp-content\/uploads\/2025\/03\/TCH_V2_co-branding_landscape_DE-scaled.png","width":2560,"height":508,"caption":"Twin City Future Innovation Manufacturing Hub"},"image":{"@id":"https:\/\/www.twincityhub.eu\/#\/schema\/logo\/image\/"},"sameAs":["https:\/\/www.linkedin.com\/company\/twin-city-future-innovation-manufacturing-hub\/","https:\/\/www.youtube.com\/@TwinCityHubSKAT"]}]}},"_links":{"self":[{"href":"https:\/\/www.twincityhub.eu\/sk\/wp-json\/wp\/v2\/pages\/1627","targetHints":{"allow":["GET"]}}],"collection":[{"href":"https:\/\/www.twincityhub.eu\/sk\/wp-json\/wp\/v2\/pages"}],"about":[{"href":"https:\/\/www.twincityhub.eu\/sk\/wp-json\/wp\/v2\/types\/page"}],"author":[{"embeddable":true,"href":"https:\/\/www.twincityhub.eu\/sk\/wp-json\/wp\/v2\/users\/2"}],"replies":[{"embeddable":true,"href":"https:\/\/www.twincityhub.eu\/sk\/wp-json\/wp\/v2\/comments?post=1627"}],"version-history":[{"count":10,"href":"https:\/\/www.twincityhub.eu\/sk\/wp-json\/wp\/v2\/pages\/1627\/revisions"}],"predecessor-version":[{"id":2167,"href":"https:\/\/www.twincityhub.eu\/sk\/wp-json\/wp\/v2\/pages\/1627\/revisions\/2167"}],"wp:attachment":[{"href":"https:\/\/www.twincityhub.eu\/sk\/wp-json\/wp\/v2\/media?parent=1627"}],"curies":[{"name":"wp","href":"https:\/\/api.w.org\/{rel}","templated":true}]}}