{"id":1675,"date":"2025-04-28T18:27:07","date_gmt":"2025-04-28T16:27:07","guid":{"rendered":"http:\/\/twincityhub.eu.w01b2126.kasserver.com\/tim\/"},"modified":"2025-08-05T13:27:40","modified_gmt":"2025-08-05T11:27:40","slug":"tim","status":"publish","type":"page","link":"https:\/\/www.twincityhub.eu\/sk\/tim\/","title":{"rendered":"T\u00edm"},"content":{"rendered":"<p>[et_pb_section fb_built=&#8220;1&#8243; fullwidth=&#8220;on&#8220; _builder_version=&#8220;4.27.4&#8243; _module_preset=&#8220;default&#8220; global_colors_info=&#8220;{}&#8220;][et_pb_fullwidth_header title=&#8220;T\u00edm&#8220; _builder_version=&#8220;4.27.4&#8243; _module_preset=&#8220;default&#8220; background_color=&#8220;#FFFFFF&#8220; background_image=&#8220;https:\/\/www.twincityhub.eu\/wp-content\/uploads\/2025\/08\/Skyline_Vienna_Bratislava-scaled-e1754053928770.png&#8220; background_size=&#8220;contain&#8220; background_layout=&#8220;light&#8220; hover_enabled=&#8220;0&#8243; global_colors_info=&#8220;{}&#8220; custom_padding=&#8220;0px||100px||false|false&#8220; sticky_enabled=&#8220;0&#8243;][\/et_pb_fullwidth_header][\/et_pb_section][et_pb_section fb_built=&#8220;1&#8243; _builder_version=&#8220;4.27.4&#8243; _module_preset=&#8220;default&#8220; global_colors_info=&#8220;{}&#8220;][et_pb_row _builder_version=&#8220;4.27.4&#8243; _module_preset=&#8220;default&#8220; global_colors_info=&#8220;{}&#8220;][et_pb_column type=&#8220;4_4&#8243; _builder_version=&#8220;4.27.4&#8243; _module_preset=&#8220;default&#8220; global_colors_info=&#8220;{}&#8220;][et_pb_text _builder_version=&#8220;4.27.4&#8243; _module_preset=&#8220;default&#8220; global_colors_info=&#8220;{}&#8220;]<\/p>\n<h2>Kontaktn\u00e9 osoby<\/h2>\n<p>[\/et_pb_text][\/et_pb_column][\/et_pb_row][et_pb_row column_structure=&#8220;1_4,1_4,1_4,1_4&#8243; _builder_version=&#8220;4.27.4&#8243; _module_preset=&#8220;default&#8220; global_colors_info=&#8220;{}&#8220;][et_pb_column type=&#8220;1_4&#8243; _builder_version=&#8220;4.27.4&#8243; _module_preset=&#8220;default&#8220; custom_padding=&#8220;25px|25px|25px|25px|true|true&#8220; border_width_all=&#8220;2px&#8220; border_color_all=&#8220;#F4F1DF&#8220; global_colors_info=&#8220;{}&#8220;][et_pb_team_member name=&#8220;Markus Kleinfercher&#8220; position=&#8220;Projektov\u00fd l\u00edder, EIT Manufacturing East GmbH&#8220; image_url=&#8220;https:\/\/www.twincityhub.eu\/wp-content\/uploads\/2025\/06\/Markus_Kleinfercher.jpeg&#8220; linkedin_url=&#8220;https:\/\/www.linkedin.com\/in\/markuskleinfercher\/&#8220; _builder_version=&#8220;4.27.4&#8243; _module_preset=&#8220;default&#8220; global_colors_info=&#8220;{}&#8220;][\/et_pb_team_member][\/et_pb_column][et_pb_column type=&#8220;1_4&#8243; _builder_version=&#8220;4.27.4&#8243; _module_preset=&#8220;default&#8220; custom_padding=&#8220;25px|25px|25px|25px|true|true&#8220; border_width_all=&#8220;2px&#8220; border_color_all=&#8220;#F4F1DF&#8220; global_colors_info=&#8220;{}&#8220;][et_pb_team_member name=&#8220;Katar\u00edna Bend\u00edkov\u00e1&#8220; position=&#8220;Projektov\u00e1 podpora, EIT Manufacturing East GmbH&#8220; image_url=&#8220;https:\/\/www.twincityhub.eu\/wp-content\/uploads\/2025\/06\/Katarina_Bendikova-1.jpeg&#8220; linkedin_url=&#8220;https:\/\/www.linkedin.com\/in\/katarina-bendikova-376344b\/&#8220; _builder_version=&#8220;4.27.4&#8243; _module_preset=&#8220;default&#8220; global_colors_info=&#8220;{}&#8220;][\/et_pb_team_member][\/et_pb_column][et_pb_column type=&#8220;1_4&#8243; _builder_version=&#8220;4.27.4&#8243; _module_preset=&#8220;default&#8220; custom_padding=&#8220;25px|25px|25px|25px|true|true&#8220; border_width_all=&#8220;2px&#8220; border_color_all=&#8220;#F4F1DF&#8220; global_colors_info=&#8220;{}&#8220;][et_pb_team_member name=&#8220;Denise Branz&#8220; position=&#8220;Projektov\u00e1 mana\u017e\u00e9rka, Plattform Industrie 4.0 \u00d6sterreich&#8220; image_url=&#8220;https:\/\/www.twincityhub.eu\/wp-content\/uploads\/2025\/06\/Denise_Branz-scaled.jpeg&#8220; linkedin_url=&#8220;https:\/\/www.linkedin.com\/in\/denise-branz-4ba3b7229\/&#8220; _builder_version=&#8220;4.27.4&#8243; _module_preset=&#8220;default&#8220; global_colors_info=&#8220;{}&#8220;][\/et_pb_team_member][\/et_pb_column][et_pb_column type=&#8220;1_4&#8243; _builder_version=&#8220;4.27.4&#8243; _module_preset=&#8220;default&#8220; custom_padding=&#8220;25px|25px|25px|25px|true|true&#8220; border_width_all=&#8220;2px&#8220; border_color_all=&#8220;#F4F1DF&#8220; global_colors_info=&#8220;{}&#8220;][et_pb_team_member name=&#8220;Michal \u010c\u00ed\u017e&#8220; position=&#8220;Programov\u00fd riadite\u013e, sapie o.z.&#8220; image_url=&#8220;https:\/\/www.twincityhub.eu\/wp-content\/uploads\/2025\/06\/Michal_Ciz.jpeg&#8220; linkedin_url=&#8220;https:\/\/www.linkedin.com\/in\/michalciz\/&#8220; _builder_version=&#8220;4.27.4&#8243; _module_preset=&#8220;default&#8220; global_colors_info=&#8220;{}&#8220;][\/et_pb_team_member][\/et_pb_column][\/et_pb_row][et_pb_row column_structure=&#8220;1_4,1_4,1_4,1_4&#8243; _builder_version=&#8220;4.27.4&#8243; _module_preset=&#8220;default&#8220; global_colors_info=&#8220;{}&#8220;][et_pb_column type=&#8220;1_4&#8243; _builder_version=&#8220;4.27.4&#8243; _module_preset=&#8220;default&#8220; custom_padding=&#8220;25px|25px|25px|25px|true|true&#8220; border_width_all=&#8220;2px&#8220; border_color_all=&#8220;#F4F1DF&#8220; global_colors_info=&#8220;{}&#8220;][et_pb_team_member name=&#8220;R\u00e9ka Dancsecs&#8220; position=&#8220;Projektov\u00e1 mana\u017e\u00e9rka, accent Inkubator GmbH&#8220; image_url=&#8220;https:\/\/www.twincityhub.eu\/wp-content\/uploads\/2025\/06\/Reka_Dancsecs.jpeg&#8220; linkedin_url=&#8220;https:\/\/www.linkedin.com\/in\/rekadan\/&#8220; _builder_version=&#8220;4.27.4&#8243; _module_preset=&#8220;default&#8220; global_colors_info=&#8220;{}&#8220;][\/et_pb_team_member][\/et_pb_column][et_pb_column type=&#8220;1_4&#8243; _builder_version=&#8220;4.27.4&#8243; _module_preset=&#8220;default&#8220; custom_padding=&#8220;25px|25px|25px|25px|true|true&#8220; border_width_all=&#8220;2px&#8220; border_color_all=&#8220;#F4F1DF&#8220; global_colors_info=&#8220;{}&#8220;][et_pb_team_member name=&#8220;doc. Milan Hus\u00e1r &#8220; position=&#8220;Projektov\u00fd koordin\u00e1tor, Slovensk\u00e1 technick\u00e1 univerzita v Bratislave&#8220; image_url=&#8220;https:\/\/www.twincityhub.eu\/wp-content\/uploads\/2025\/06\/Milan_Husar-scaled.jpeg&#8220; linkedin_url=&#8220;https:\/\/www.linkedin.com\/in\/milan-husar-1293929a\/&#8220; _builder_version=&#8220;4.27.4&#8243; _module_preset=&#8220;default&#8220; global_colors_info=&#8220;{}&#8220;][\/et_pb_team_member][\/et_pb_column][et_pb_column type=&#8220;1_4&#8243; _builder_version=&#8220;4.27.4&#8243; _module_preset=&#8220;default&#8220; custom_padding=&#8220;25px|25px|25px|25px|true|true&#8220; border_width_all=&#8220;2px&#8220; border_color_all=&#8220;#F4F1DF&#8220; global_colors_info=&#8220;{}&#8220;][et_pb_team_member name=&#8220;Dr. Dominik Karner&#8220; position=&#8220;Referent Stabsstelle WIEN 2030, Stadt Wien &#8211; Wirtschaft, Arbeit und Statistik &#8220; image_url=&#8220;https:\/\/www.twincityhub.eu\/wp-content\/uploads\/2025\/06\/Dominik_Karner.png&#8220; linkedin_url=&#8220;https:\/\/www.linkedin.com\/in\/dominik-karner\/&#8220; _builder_version=&#8220;4.27.4&#8243; _module_preset=&#8220;default&#8220; global_colors_info=&#8220;{}&#8220;][\/et_pb_team_member][\/et_pb_column][et_pb_column type=&#8220;1_4&#8243; _builder_version=&#8220;4.27.4&#8243; _module_preset=&#8220;default&#8220; custom_padding=&#8220;25px|25px|25px|25px|true|true&#8220; border_width_all=&#8220;2px&#8220; border_color_all=&#8220;#F4F1DF&#8220; global_colors_info=&#8220;{}&#8220;][et_pb_team_member name=&#8220;Sandra Stromberger&#8220; position=&#8220;Zakladate\u013eka a v\u00fdkonn\u00e1 riadite\u013eka, In2Make Industry meets Makers GmbH&#8220; image_url=&#8220;https:\/\/www.twincityhub.eu\/wp-content\/uploads\/2025\/06\/Sandra_Stromberger-scaled.jpeg&#8220; linkedin_url=&#8220;https:\/\/www.linkedin.com\/in\/sandra-stromberger\/&#8220; _builder_version=&#8220;4.27.4&#8243; _module_preset=&#8220;default&#8220; global_colors_info=&#8220;{}&#8220;][\/et_pb_team_member][\/et_pb_column][\/et_pb_row][\/et_pb_section]<\/p>\n","protected":false},"excerpt":{"rendered":"<p>Kontaktn\u00e9 osoby<\/p>\n","protected":false},"author":1,"featured_media":0,"parent":0,"menu_order":0,"comment_status":"closed","ping_status":"closed","template":"","meta":{"_acf_changed":false,"_et_pb_use_builder":"on","_et_pb_old_content":"","_et_gb_content_width":"","footnotes":""},"class_list":["post-1675","page","type-page","status-publish","hentry"],"acf":[],"yoast_head":"<!-- This site is optimized with the Yoast SEO plugin v27.5 - https:\/\/yoast.com\/product\/yoast-seo-wordpress\/ -->\n<title>T\u00edm - Twin City Future Innovation Manufacturing Hub<\/title>\n<meta name=\"robots\" content=\"index, follow, max-snippet:-1, max-image-preview:large, max-video-preview:-1\" \/>\n<link rel=\"canonical\" href=\"https:\/\/www.twincityhub.eu\/sk\/tim\/\" \/>\n<meta property=\"og:locale\" content=\"sk_SK\" \/>\n<meta property=\"og:type\" content=\"article\" \/>\n<meta property=\"og:title\" content=\"T\u00edm - Twin City Future Innovation Manufacturing Hub\" \/>\n<meta property=\"og:description\" content=\"Kontaktn\u00e9 osoby\" \/>\n<meta property=\"og:url\" content=\"https:\/\/www.twincityhub.eu\/sk\/tim\/\" \/>\n<meta property=\"og:site_name\" content=\"Twin City Future Innovation Manufacturing Hub\" \/>\n<meta property=\"article:modified_time\" content=\"2025-08-05T11:27:40+00:00\" \/>\n<meta name=\"twitter:card\" content=\"summary_large_image\" \/>\n<meta name=\"twitter:label1\" content=\"Predpokladan\u00fd \u010das \u010d\u00edtania\" \/>\n\t<meta name=\"twitter:data1\" content=\"4 min\u00faty\" \/>\n<script type=\"application\/ld+json\" class=\"yoast-schema-graph\">{\"@context\":\"https:\\\/\\\/schema.org\",\"@graph\":[{\"@type\":\"WebPage\",\"@id\":\"https:\\\/\\\/www.twincityhub.eu\\\/sk\\\/tim\\\/\",\"url\":\"https:\\\/\\\/www.twincityhub.eu\\\/sk\\\/tim\\\/\",\"name\":\"T\u00edm - Twin City Future Innovation Manufacturing Hub\",\"isPartOf\":{\"@id\":\"https:\\\/\\\/www.twincityhub.eu\\\/#website\"},\"datePublished\":\"2025-04-28T16:27:07+00:00\",\"dateModified\":\"2025-08-05T11:27:40+00:00\",\"breadcrumb\":{\"@id\":\"https:\\\/\\\/www.twincityhub.eu\\\/sk\\\/tim\\\/#breadcrumb\"},\"inLanguage\":\"sk-SK\",\"potentialAction\":[{\"@type\":\"ReadAction\",\"target\":[\"https:\\\/\\\/www.twincityhub.eu\\\/sk\\\/tim\\\/\"]}]},{\"@type\":\"BreadcrumbList\",\"@id\":\"https:\\\/\\\/www.twincityhub.eu\\\/sk\\\/tim\\\/#breadcrumb\",\"itemListElement\":[{\"@type\":\"ListItem\",\"position\":1,\"name\":\"Startseite\",\"item\":\"https:\\\/\\\/www.twincityhub.eu\\\/sk\\\/\"},{\"@type\":\"ListItem\",\"position\":2,\"name\":\"T\u00edm\"}]},{\"@type\":\"WebSite\",\"@id\":\"https:\\\/\\\/www.twincityhub.eu\\\/#website\",\"url\":\"https:\\\/\\\/www.twincityhub.eu\\\/\",\"name\":\"Twin City Future Innovation Manufacturing Hub\",\"description\":\"2C FIMH\",\"publisher\":{\"@id\":\"https:\\\/\\\/www.twincityhub.eu\\\/#organization\"},\"potentialAction\":[{\"@type\":\"SearchAction\",\"target\":{\"@type\":\"EntryPoint\",\"urlTemplate\":\"https:\\\/\\\/www.twincityhub.eu\\\/?s={search_term_string}\"},\"query-input\":{\"@type\":\"PropertyValueSpecification\",\"valueRequired\":true,\"valueName\":\"search_term_string\"}}],\"inLanguage\":\"sk-SK\"},{\"@type\":\"Organization\",\"@id\":\"https:\\\/\\\/www.twincityhub.eu\\\/#organization\",\"name\":\"Twin City Future Innovation Manufacturing Hub\",\"url\":\"https:\\\/\\\/www.twincityhub.eu\\\/\",\"logo\":{\"@type\":\"ImageObject\",\"inLanguage\":\"sk-SK\",\"@id\":\"https:\\\/\\\/www.twincityhub.eu\\\/#\\\/schema\\\/logo\\\/image\\\/\",\"url\":\"https:\\\/\\\/www.twincityhub.eu\\\/wp-content\\\/uploads\\\/2025\\\/03\\\/TCH_V2_co-branding_landscape_DE-scaled.png\",\"contentUrl\":\"https:\\\/\\\/www.twincityhub.eu\\\/wp-content\\\/uploads\\\/2025\\\/03\\\/TCH_V2_co-branding_landscape_DE-scaled.png\",\"width\":2560,\"height\":508,\"caption\":\"Twin City Future Innovation Manufacturing Hub\"},\"image\":{\"@id\":\"https:\\\/\\\/www.twincityhub.eu\\\/#\\\/schema\\\/logo\\\/image\\\/\"},\"sameAs\":[\"https:\\\/\\\/www.linkedin.com\\\/company\\\/twin-city-future-innovation-manufacturing-hub\\\/\",\"https:\\\/\\\/www.youtube.com\\\/@TwinCityHubSKAT\"]}]}<\/script>\n<!-- \/ Yoast SEO plugin. -->","yoast_head_json":{"title":"T\u00edm - Twin City Future Innovation Manufacturing Hub","robots":{"index":"index","follow":"follow","max-snippet":"max-snippet:-1","max-image-preview":"max-image-preview:large","max-video-preview":"max-video-preview:-1"},"canonical":"https:\/\/www.twincityhub.eu\/sk\/tim\/","og_locale":"sk_SK","og_type":"article","og_title":"T\u00edm - Twin City Future Innovation Manufacturing Hub","og_description":"Kontaktn\u00e9 osoby","og_url":"https:\/\/www.twincityhub.eu\/sk\/tim\/","og_site_name":"Twin City Future Innovation Manufacturing Hub","article_modified_time":"2025-08-05T11:27:40+00:00","twitter_card":"summary_large_image","twitter_misc":{"Predpokladan\u00fd \u010das \u010d\u00edtania":"4 min\u00faty"},"schema":{"@context":"https:\/\/schema.org","@graph":[{"@type":"WebPage","@id":"https:\/\/www.twincityhub.eu\/sk\/tim\/","url":"https:\/\/www.twincityhub.eu\/sk\/tim\/","name":"T\u00edm - Twin City Future Innovation Manufacturing Hub","isPartOf":{"@id":"https:\/\/www.twincityhub.eu\/#website"},"datePublished":"2025-04-28T16:27:07+00:00","dateModified":"2025-08-05T11:27:40+00:00","breadcrumb":{"@id":"https:\/\/www.twincityhub.eu\/sk\/tim\/#breadcrumb"},"inLanguage":"sk-SK","potentialAction":[{"@type":"ReadAction","target":["https:\/\/www.twincityhub.eu\/sk\/tim\/"]}]},{"@type":"BreadcrumbList","@id":"https:\/\/www.twincityhub.eu\/sk\/tim\/#breadcrumb","itemListElement":[{"@type":"ListItem","position":1,"name":"Startseite","item":"https:\/\/www.twincityhub.eu\/sk\/"},{"@type":"ListItem","position":2,"name":"T\u00edm"}]},{"@type":"WebSite","@id":"https:\/\/www.twincityhub.eu\/#website","url":"https:\/\/www.twincityhub.eu\/","name":"Twin City Future Innovation Manufacturing Hub","description":"2C FIMH","publisher":{"@id":"https:\/\/www.twincityhub.eu\/#organization"},"potentialAction":[{"@type":"SearchAction","target":{"@type":"EntryPoint","urlTemplate":"https:\/\/www.twincityhub.eu\/?s={search_term_string}"},"query-input":{"@type":"PropertyValueSpecification","valueRequired":true,"valueName":"search_term_string"}}],"inLanguage":"sk-SK"},{"@type":"Organization","@id":"https:\/\/www.twincityhub.eu\/#organization","name":"Twin City Future Innovation Manufacturing Hub","url":"https:\/\/www.twincityhub.eu\/","logo":{"@type":"ImageObject","inLanguage":"sk-SK","@id":"https:\/\/www.twincityhub.eu\/#\/schema\/logo\/image\/","url":"https:\/\/www.twincityhub.eu\/wp-content\/uploads\/2025\/03\/TCH_V2_co-branding_landscape_DE-scaled.png","contentUrl":"https:\/\/www.twincityhub.eu\/wp-content\/uploads\/2025\/03\/TCH_V2_co-branding_landscape_DE-scaled.png","width":2560,"height":508,"caption":"Twin City Future Innovation Manufacturing Hub"},"image":{"@id":"https:\/\/www.twincityhub.eu\/#\/schema\/logo\/image\/"},"sameAs":["https:\/\/www.linkedin.com\/company\/twin-city-future-innovation-manufacturing-hub\/","https:\/\/www.youtube.com\/@TwinCityHubSKAT"]}]}},"_links":{"self":[{"href":"https:\/\/www.twincityhub.eu\/sk\/wp-json\/wp\/v2\/pages\/1675","targetHints":{"allow":["GET"]}}],"collection":[{"href":"https:\/\/www.twincityhub.eu\/sk\/wp-json\/wp\/v2\/pages"}],"about":[{"href":"https:\/\/www.twincityhub.eu\/sk\/wp-json\/wp\/v2\/types\/page"}],"author":[{"embeddable":true,"href":"https:\/\/www.twincityhub.eu\/sk\/wp-json\/wp\/v2\/users\/1"}],"replies":[{"embeddable":true,"href":"https:\/\/www.twincityhub.eu\/sk\/wp-json\/wp\/v2\/comments?post=1675"}],"version-history":[{"count":8,"href":"https:\/\/www.twincityhub.eu\/sk\/wp-json\/wp\/v2\/pages\/1675\/revisions"}],"predecessor-version":[{"id":2180,"href":"https:\/\/www.twincityhub.eu\/sk\/wp-json\/wp\/v2\/pages\/1675\/revisions\/2180"}],"wp:attachment":[{"href":"https:\/\/www.twincityhub.eu\/sk\/wp-json\/wp\/v2\/media?parent=1675"}],"curies":[{"name":"wp","href":"https:\/\/api.w.org\/{rel}","templated":true}]}}