{"id":2499,"date":"2025-09-03T10:43:39","date_gmt":"2025-09-03T08:43:39","guid":{"rendered":"https:\/\/www.twincityhub.eu\/in2make-industry-meets-makers-gmbh\/"},"modified":"2025-09-03T10:48:17","modified_gmt":"2025-09-03T08:48:17","slug":"in2make-industry-meets-makers-gmbh","status":"publish","type":"page","link":"https:\/\/www.twincityhub.eu\/sk\/in2make-industry-meets-makers-gmbh\/","title":{"rendered":"In2Make Industry meets Makers GmbH"},"content":{"rendered":"<p>[et_pb_section fb_built=&#8220;1&#8243; fullwidth=&#8220;on&#8220; _builder_version=&#8220;4.27.4&#8243; _module_preset=&#8220;default&#8220; global_colors_info=&#8220;{}&#8220;][et_pb_fullwidth_image src=&#8220;https:\/\/www.twincityhub.eu\/wp-content\/uploads\/2025\/04\/Pattern_2000px-b250.png&#8220; title_text=&#8220;Vzor_2000px b250&#8243; _builder_version=&#8220;4.27.4&#8243; _module_preset=&#8220;default&#8220; global_colors_info=&#8220;{}&#8220;][\/et_pb_fullwidth_image][\/et_pb_section][et_pb_section fb_built=&#8220;1&#8243; make_equal=&#8220;on&#8220; specialty=&#8220;on&#8220; background_color_2=&#8220;#F4F1DF&#8220; padding_right_1=&#8220;50px&#8220; padding_right_2=&#8220;50px&#8220; padding_left_1=&#8220;50px&#8220; padding_left_2=&#8220;50px&#8220; padding_top_bottom_link_1=&#8220;false&#8220; padding_top_bottom_link_2=&#8220;false&#8220; padding_left_right_link_1=&#8220;true&#8220; padding_left_right_link_2=&#8220;true&#8220; _builder_version=&#8220;4.27.4&#8243; _module_preset=&#8220;default&#8220; background_enable_color=&#8220;off&#8220; custom_margin=&#8220;||||false|false&#8220; custom_padding=&#8220;0px||0px||true|false&#8220; custom_css_free_form=&#8220;.et_pb_row {||  width: 100%;||}&#8220; global_colors_info=&#8220;{}&#8220;][et_pb_column type=&#8220;3_4&#8243; specialty_columns=&#8220;3&#8243; _builder_version=&#8220;4.16&#8243; custom_padding=&#8220;|||&#8220; global_colors_info=&#8220;{}&#8220; custom_padding__hover=&#8220;|||&#8220;][et_pb_row_inner _builder_version=&#8220;4.27.4&#8243; _module_preset=&#8220;default&#8220; background_color=&#8220;#FFFFFF&#8220; global_colors_info=&#8220;{}&#8220;][et_pb_column_inner saved_specialty_column_type=&#8220;3_4&#8243; _builder_version=&#8220;4.27.4&#8243; _module_preset=&#8220;default&#8220; global_colors_info=&#8220;{}&#8220;][et_pb_text admin_label=&#8220;Name of Company&#8220; _builder_version=&#8220;4.27.4&#8243; _module_preset=&#8220;default&#8220; global_colors_info=&#8220;{}&#8220;]<\/p>\n<h1>In2Make Industry meets Makers GmbH<\/h1>\n<p>[\/et_pb_text][et_pb_text admin_label=&#8220;Teaser text&#8220; _builder_version=&#8220;4.27.4&#8243; _module_preset=&#8220;default&#8220; global_colors_info=&#8220;{}&#8220;]<\/p>\n<p>In2Make Industry meets Makers GmbH je spolo\u010dnos\u0165 so s\u00eddlom vo Viedni, ktor\u00e1 u\u017e pribli\u017ene 10 rokov podporuje form\u00e1t &#8222;Industry meets Makers&#8220; s podporou rast\u00facej siete partnerov. Medzi partnerov patria lokaliza\u010dn\u00e9 agent\u00fary, vzdel\u00e1vacie in\u0161tit\u00facie, technologick\u00ed partneri, prev\u00e1dzkovatelia lokal\u00edt, v\u00fdskumn\u00e9 organiz\u00e1cie a mnoh\u00ed experti a multiplik\u00e1tori. <\/p>\n<p>[\/et_pb_text][et_pb_text admin_label=&#8220;Headline h2&#8243; _builder_version=&#8220;4.27.4&#8243; _module_preset=&#8220;default&#8220; global_colors_info=&#8220;{}&#8220;]<\/p>\n<h2>O form\u00e1te &#8222;Industry meets Makers&#8220;<\/h2>\n<p>[\/et_pb_text][et_pb_image src=&#8220;https:\/\/www.twincityhub.eu\/wp-content\/uploads\/2025\/09\/20180320-IndustryMeetsMakers-0057.jpg&#8220; title_text=&#8220;20180320-IndustryMeetsMakers-0057&#8243; _builder_version=&#8220;4.27.4&#8243; _module_preset=&#8220;default&#8220; global_colors_info=&#8220;{}&#8220;][\/et_pb_image][et_pb_text _builder_version=&#8220;4.27.4&#8243; _module_preset=&#8220;default&#8220; global_colors_info=&#8220;{}&#8220;]<\/p>\n<p><em>Roland Vorarberger, Lens2<\/em><\/p>\n<p>Industry meets Makers (IMM) je otvoren\u00e1 inova\u010dn\u00e1 iniciat\u00edva, ktor\u00e1 sp\u00e1ja popredn\u00e9 priemyseln\u00e9 spolo\u010dnosti s kreat\u00edvnymi mozgami z prostredia makerov &#8211; za\u010d\u00ednaj\u00facimi firmami, mal\u00fdmi a stredn\u00fdmi podnikmi, nez\u00e1visl\u00fdmi v\u00fdvoj\u00e1rmi, dizajn\u00e9rmi, \u0161tudentmi, v\u00fdskumn\u00edkmi, hobbyistami a \u010fal\u0161\u00edmi. Na z\u00e1klade re\u00e1lnych technologick\u00fdch v\u00fdziev (tzv. &#8222;briefingov&#8220;) v oblastiach, ako s\u00fa umel\u00e1 inteligencia, robotika, internet vec\u00ed a priemysel 4.0, obe strany spolo\u010dne vyv\u00edjaj\u00fa inovat\u00edvne rie\u0161enia v p\u00e4\u0165mesa\u010dnej f\u00e1ze spolupr\u00e1ce s cie\u013eom vybudova\u0165 trval\u00e9 partnerstv\u00e1. <\/p>\n<p>[\/et_pb_text][\/et_pb_column_inner][\/et_pb_row_inner][et_pb_row_inner _builder_version=&#8220;4.27.4&#8243; _module_preset=&#8220;default&#8220; background_color=&#8220;#FFFFFF&#8220; global_colors_info=&#8220;{}&#8220;][et_pb_column_inner saved_specialty_column_type=&#8220;3_4&#8243; _builder_version=&#8220;4.27.4&#8243; _module_preset=&#8220;default&#8220; global_colors_info=&#8220;{}&#8220;][et_pb_text admin_label=&#8220;Headline h2&#8243; _builder_version=&#8220;4.27.4&#8243; _module_preset=&#8220;default&#8220; global_colors_info=&#8220;{}&#8220;]<\/p>\n<h2>IMM @ Twin City Hub<\/h2>\n<p>[\/et_pb_text][et_pb_text _builder_version=&#8220;4.27.4&#8243; _module_preset=&#8220;default&#8220; global_colors_info=&#8220;{}&#8220;]<\/p>\n<p>\u00dalohou In2Make Industry meets Makers GmbH v r\u00e1mci projektu Twin City Hub je podeli\u0165 sa o sk\u00fasenosti, ktor\u00e9 organiz\u00e1cia z\u00edskala po\u010das nieko\u013ekoro\u010dnej realiz\u00e1cie IMM s partnermi na Slovensku. Stanovili sme si cie\u013e spolo\u010dne zorganizova\u0165 do konca projektu dve \u00faspe\u0161n\u00e9 nadn\u00e1rodn\u00e9 pilotn\u00e9 prev\u00e1dzky IMM, do ktor\u00fdch sa zapoja partneri z oboch kraj\u00edn a podujatia sa uskuto\u010dnia na oboch miestach. <\/p>\n<p>[\/et_pb_text][\/et_pb_column_inner][\/et_pb_row_inner][et_pb_row_inner _builder_version=&#8220;4.27.4&#8243; _module_preset=&#8220;default&#8220; background_color=&#8220;#FFFFFF&#8220; global_colors_info=&#8220;{}&#8220;][et_pb_column_inner saved_specialty_column_type=&#8220;3_4&#8243; _builder_version=&#8220;4.27.4&#8243; _module_preset=&#8220;default&#8220; global_colors_info=&#8220;{}&#8220;][et_pb_text admin_label=&#8220;Headline h2&#8243; _builder_version=&#8220;4.27.4&#8243; _module_preset=&#8220;default&#8220; global_colors_info=&#8220;{}&#8220;]<\/p>\n<h2>\u00dalohy v projekte<\/h2>\n<p>[\/et_pb_text][et_pb_text _builder_version=&#8220;4.27.4&#8243; _module_preset=&#8220;default&#8220; global_colors_info=&#8220;{}&#8220;]<\/p>\n<p>In2Make Industry meets Makers vedie pracovn\u00fd bal\u00edk 4 &#8211; &#8222;Future Corporation&#8220;.<\/p>\n<p><strong>Ciele:<\/strong><\/p>\n<ul>\n<li>Umo\u017enenie spolo\u010dn\u00e9ho v\u00fdvoja medzi priemyslom a komunitou tvorcov (za\u010d\u00ednaj\u00face podniky, \u0161tudenti, v\u00fdskumn\u00edci at\u010f.) v oblastiach, ako s\u00fa internet vec\u00ed, umel\u00e1 inteligencia, robotika a digitaliz\u00e1cia.<\/li>\n<li>Podpora dlhodobej cezhrani\u010dnej spolupr\u00e1ce a inova\u010dn\u00fdch ekosyst\u00e9mov.<\/li>\n<li>Vypracovanie s\u00faboru n\u00e1strojov &#8222;Future Corporation&#8220; ako pr\u00edru\u010dky pre bud\u00face projekty.<\/li>\n<\/ul>\n<p><strong>Najd\u00f4le\u017eitej\u0161ie \u010dinnosti:<\/strong><\/p>\n<ul>\n<li>Rozvoj zna\u010dky: zmena zna\u010dky \u00faspe\u0161n\u00e9ho modelu &#8222;Industry Meets Makers&#8220; (IMM) na cezhrani\u010dn\u00e9 pou\u017eitie.<\/li>\n<li>Komunika\u010dn\u00fd model a mapa komunity: Zlep\u0161enie spolupr\u00e1ce prostredn\u00edctvom podrobn\u00e9ho preh\u013eadu potenci\u00e1lnych partnerov v Rak\u00fasku a na Slovensku.<\/li>\n<li>Pilotn\u00e9 programy: Organiz\u00e1cia dvoch programov spolutvorby s pribli\u017ene 4-7 organiz\u00e1ciami v ka\u017edom kole vr\u00e1tane workshopov a hackathonov na rie\u0161enie priemyseln\u00fdch v\u00fdziev.<\/li>\n<\/ul>\n<p><strong>V\u00fdsledky:<\/strong><\/p>\n<ul>\n<li>S\u00fabor n\u00e1strojov &#8222;Future Corporation&#8220; s usmerneniami pre spolupr\u00e1cu.<\/li>\n<li>Mapa Spolo\u010denstva najd\u00f4le\u017eitej\u0161\u00edch zainteresovan\u00fdch str\u00e1n v Rak\u00fasku a na Slovensku.<\/li>\n<li>Pilotn\u00e9 programy: Podpora spolupr\u00e1ce medzi spolo\u010dnos\u0165ami, za\u010d\u00ednaj\u00facimi podnikmi a vzdel\u00e1vac\u00edmi in\u0161tit\u00faciami.<\/li>\n<li>Strategick\u00e9 odpor\u00fa\u010dania z pilotn\u00fdch hodnoten\u00ed.<\/li>\n<\/ul>\n<p>&nbsp;<\/p>\n<p>[\/et_pb_text][\/et_pb_column_inner][\/et_pb_row_inner][\/et_pb_column][et_pb_column type=&#8220;1_4&#8243; _builder_version=&#8220;4.16&#8243; custom_padding=&#8220;|||&#8220; global_colors_info=&#8220;{}&#8220; custom_padding__hover=&#8220;|||&#8220;][et_pb_text admin_label=&#8220;Company Details&#8220; _builder_version=&#8220;4.27.4&#8243; _module_preset=&#8220;default&#8220; global_colors_info=&#8220;{}&#8220;]<\/p>\n<h2>Kontaktujte n\u00e1s<\/h2>\n<h3>In2Make Industry meets Makers GmbH<\/h3>\n<p><strong>ADRESA<\/strong><br \/>Stuwerstra\u00dfe 10<br \/>A-1020 Viede\u0148<br \/>Rak\u00fasko<\/p>\n<p><strong>WEBOV\u00c1 STR\u00c1NKA<\/strong><br \/><a href=\"https:\/\/www.industrymeetsmakers.com\">industrymeetsmakers.com<\/a><\/p>\n<p>[\/et_pb_text][et_pb_team_member name=&#8220;Sandra Stromberger&#8220; position=&#8220;Riadiaci partner&#8220; image_url=&#8220;https:\/\/www.twincityhub.eu\/wp-content\/uploads\/2025\/09\/Sandra_Stromberger_2_q-scaled.jpg&#8220; linkedin_url=&#8220;https:\/\/www.linkedin.com\/in\/sandra-stromberger\/&#8220; _builder_version=&#8220;4.27.4&#8243; _module_preset=&#8220;default&#8220; position_text_color=&#8220;rgba(30,30,30,0.75)&#8220; global_colors_info=&#8220;{}&#8220;]<\/p>\n<p><a href=\"sandra@industrymeetsmakers.com\">e-mail<\/a><\/p>\n<p>[\/et_pb_team_member][\/et_pb_column][\/et_pb_section]<\/p>\n","protected":false},"excerpt":{"rendered":"<p>In2Make Industry meets Makers GmbHIn2Make Industry meets Makers GmbH je spolo\u010dnos\u0165 so s\u00eddlom vo Viedni, ktor\u00e1 u\u017e pribli\u017ene 10 rokov podporuje form\u00e1t &#8222;Industry meets Makers&#8220; s podporou rast\u00facej siete partnerov. Medzi partnerov patria lokaliza\u010dn\u00e9 agent\u00fary, vzdel\u00e1vacie in\u0161tit\u00facie, technologick\u00ed partneri, prev\u00e1dzkovatelia lokal\u00edt, v\u00fdskumn\u00e9 organiz\u00e1cie a mnoh\u00ed experti a multiplik\u00e1tori. O form\u00e1te &#8222;Industry meets Makers&#8220;Roland Vorarberger, Lens2 Industry meets Makers (IMM) je otvoren\u00e1 inova\u010dn\u00e1 iniciat\u00edva, ktor\u00e1 sp\u00e1ja popredn\u00e9 priemyseln\u00e9 spolo\u010dnosti s kreat\u00edvnymi mozgami z prostredia makerov &#8211; za\u010d\u00ednaj\u00facimi firmami, mal\u00fdmi a stredn\u00fdmi podnikmi, nez\u00e1visl\u00fdmi v\u00fdvoj\u00e1rmi, dizajn\u00e9rmi, \u0161tudentmi, v\u00fdskumn\u00edkmi, hobbyistami a \u010fal\u0161\u00edmi. Na z\u00e1klade re\u00e1lnych technologick\u00fdch v\u00fdziev (tzv. &#8222;briefingov&#8220;) v oblastiach, ako s\u00fa umel\u00e1 inteligencia, robotika, internet vec\u00ed a priemysel 4.0, obe strany spolo\u010dne vyv\u00edjaj\u00fa inovat\u00edvne rie\u0161enia v p\u00e4\u0165mesa\u010dnej f\u00e1ze spolupr\u00e1ce s cie\u013eom vybudova\u0165 trval\u00e9 partnerstv\u00e1. IMM @ Twin City Hub\u00dalohou In2Make Industry meets Makers GmbH v r\u00e1mci projektu Twin City Hub je podeli\u0165 sa o sk\u00fasenosti, ktor\u00e9 organiz\u00e1cia z\u00edskala po\u010das nieko\u013ekoro\u010dnej realiz\u00e1cie IMM s partnermi na Slovensku. Stanovili sme si cie\u013e spolo\u010dne zorganizova\u0165 do konca projektu dve \u00faspe\u0161n\u00e9 nadn\u00e1rodn\u00e9 pilotn\u00e9 prev\u00e1dzky IMM, do ktor\u00fdch sa zapoja partneri z oboch kraj\u00edn a podujatia sa uskuto\u010dnia na oboch miestach. \u00dalohy v projekteIn2Make Industry meets Makers vedie pracovn\u00fd bal\u00edk 4 &#8211; &#8222;Future Corporation&#8220;. Ciele: Umo\u017enenie [&hellip;]<\/p>\n","protected":false},"author":2,"featured_media":0,"parent":0,"menu_order":0,"comment_status":"closed","ping_status":"closed","template":"","meta":{"_acf_changed":false,"_et_pb_use_builder":"on","_et_pb_old_content":"","_et_gb_content_width":"","footnotes":""},"class_list":["post-2499","page","type-page","status-publish","hentry"],"acf":[],"yoast_head":"<!-- This site is optimized with the Yoast SEO plugin v27.3 - https:\/\/yoast.com\/product\/yoast-seo-wordpress\/ -->\n<title>In2Make Industry meets Makers GmbH - Twin City Future Innovation Manufacturing Hub<\/title>\n<meta name=\"robots\" content=\"index, follow, max-snippet:-1, max-image-preview:large, max-video-preview:-1\" \/>\n<link rel=\"canonical\" href=\"https:\/\/www.twincityhub.eu\/sk\/in2make-industry-meets-makers-gmbh\/\" \/>\n<meta property=\"og:locale\" content=\"sk_SK\" \/>\n<meta property=\"og:type\" content=\"article\" \/>\n<meta property=\"og:title\" content=\"In2Make Industry meets Makers GmbH - Twin City Future Innovation Manufacturing Hub\" \/>\n<meta property=\"og:description\" content=\"In2Make Industry meets Makers GmbHIn2Make Industry meets Makers GmbH je spolo\u010dnos\u0165 so s\u00eddlom vo Viedni, ktor\u00e1 u\u017e pribli\u017ene 10 rokov podporuje form\u00e1t &quot;Industry meets Makers&quot; s podporou rast\u00facej siete partnerov. Medzi partnerov patria lokaliza\u010dn\u00e9 agent\u00fary, vzdel\u00e1vacie in\u0161tit\u00facie, technologick\u00ed partneri, prev\u00e1dzkovatelia lokal\u00edt, v\u00fdskumn\u00e9 organiz\u00e1cie a mnoh\u00ed experti a multiplik\u00e1tori. O form\u00e1te &quot;Industry meets Makers&quot;Roland Vorarberger, Lens2 Industry meets Makers (IMM) je otvoren\u00e1 inova\u010dn\u00e1 iniciat\u00edva, ktor\u00e1 sp\u00e1ja popredn\u00e9 priemyseln\u00e9 spolo\u010dnosti s kreat\u00edvnymi mozgami z prostredia makerov - za\u010d\u00ednaj\u00facimi firmami, mal\u00fdmi a stredn\u00fdmi podnikmi, nez\u00e1visl\u00fdmi v\u00fdvoj\u00e1rmi, dizajn\u00e9rmi, \u0161tudentmi, v\u00fdskumn\u00edkmi, hobbyistami a \u010fal\u0161\u00edmi. Na z\u00e1klade re\u00e1lnych technologick\u00fdch v\u00fdziev (tzv. &quot;briefingov&quot;) v oblastiach, ako s\u00fa umel\u00e1 inteligencia, robotika, internet vec\u00ed a priemysel 4.0, obe strany spolo\u010dne vyv\u00edjaj\u00fa inovat\u00edvne rie\u0161enia v p\u00e4\u0165mesa\u010dnej f\u00e1ze spolupr\u00e1ce s cie\u013eom vybudova\u0165 trval\u00e9 partnerstv\u00e1. IMM @ Twin City Hub\u00dalohou In2Make Industry meets Makers GmbH v r\u00e1mci projektu Twin City Hub je podeli\u0165 sa o sk\u00fasenosti, ktor\u00e9 organiz\u00e1cia z\u00edskala po\u010das nieko\u013ekoro\u010dnej realiz\u00e1cie IMM s partnermi na Slovensku. Stanovili sme si cie\u013e spolo\u010dne zorganizova\u0165 do konca projektu dve \u00faspe\u0161n\u00e9 nadn\u00e1rodn\u00e9 pilotn\u00e9 prev\u00e1dzky IMM, do ktor\u00fdch sa zapoja partneri z oboch kraj\u00edn a podujatia sa uskuto\u010dnia na oboch miestach. \u00dalohy v projekteIn2Make Industry meets Makers vedie pracovn\u00fd bal\u00edk 4 - &quot;Future Corporation&quot;. Ciele: Umo\u017enenie [&hellip;]\" \/>\n<meta property=\"og:url\" content=\"https:\/\/www.twincityhub.eu\/sk\/in2make-industry-meets-makers-gmbh\/\" \/>\n<meta property=\"og:site_name\" content=\"Twin City Future Innovation Manufacturing Hub\" \/>\n<meta property=\"article:modified_time\" content=\"2025-09-03T08:48:17+00:00\" \/>\n<meta name=\"twitter:card\" content=\"summary_large_image\" \/>\n<meta name=\"twitter:label1\" content=\"Predpokladan\u00fd \u010das \u010d\u00edtania\" \/>\n\t<meta name=\"twitter:data1\" content=\"5 min\u00fat\" \/>\n<script type=\"application\/ld+json\" class=\"yoast-schema-graph\">{\"@context\":\"https:\\\/\\\/schema.org\",\"@graph\":[{\"@type\":\"WebPage\",\"@id\":\"https:\\\/\\\/www.twincityhub.eu\\\/sk\\\/in2make-industry-meets-makers-gmbh\\\/\",\"url\":\"https:\\\/\\\/www.twincityhub.eu\\\/sk\\\/in2make-industry-meets-makers-gmbh\\\/\",\"name\":\"In2Make Industry meets Makers GmbH - Twin City Future Innovation Manufacturing Hub\",\"isPartOf\":{\"@id\":\"https:\\\/\\\/www.twincityhub.eu\\\/#website\"},\"datePublished\":\"2025-09-03T08:43:39+00:00\",\"dateModified\":\"2025-09-03T08:48:17+00:00\",\"breadcrumb\":{\"@id\":\"https:\\\/\\\/www.twincityhub.eu\\\/sk\\\/in2make-industry-meets-makers-gmbh\\\/#breadcrumb\"},\"inLanguage\":\"sk-SK\",\"potentialAction\":[{\"@type\":\"ReadAction\",\"target\":[\"https:\\\/\\\/www.twincityhub.eu\\\/sk\\\/in2make-industry-meets-makers-gmbh\\\/\"]}]},{\"@type\":\"BreadcrumbList\",\"@id\":\"https:\\\/\\\/www.twincityhub.eu\\\/sk\\\/in2make-industry-meets-makers-gmbh\\\/#breadcrumb\",\"itemListElement\":[{\"@type\":\"ListItem\",\"position\":1,\"name\":\"Startseite\",\"item\":\"https:\\\/\\\/www.twincityhub.eu\\\/sk\\\/\"},{\"@type\":\"ListItem\",\"position\":2,\"name\":\"In2Make Industry meets Makers GmbH\"}]},{\"@type\":\"WebSite\",\"@id\":\"https:\\\/\\\/www.twincityhub.eu\\\/#website\",\"url\":\"https:\\\/\\\/www.twincityhub.eu\\\/\",\"name\":\"Twin City Future Innovation Manufacturing Hub\",\"description\":\"2C FIMH\",\"publisher\":{\"@id\":\"https:\\\/\\\/www.twincityhub.eu\\\/#organization\"},\"potentialAction\":[{\"@type\":\"SearchAction\",\"target\":{\"@type\":\"EntryPoint\",\"urlTemplate\":\"https:\\\/\\\/www.twincityhub.eu\\\/?s={search_term_string}\"},\"query-input\":{\"@type\":\"PropertyValueSpecification\",\"valueRequired\":true,\"valueName\":\"search_term_string\"}}],\"inLanguage\":\"sk-SK\"},{\"@type\":\"Organization\",\"@id\":\"https:\\\/\\\/www.twincityhub.eu\\\/#organization\",\"name\":\"Twin City Future Innovation Manufacturing Hub\",\"url\":\"https:\\\/\\\/www.twincityhub.eu\\\/\",\"logo\":{\"@type\":\"ImageObject\",\"inLanguage\":\"sk-SK\",\"@id\":\"https:\\\/\\\/www.twincityhub.eu\\\/#\\\/schema\\\/logo\\\/image\\\/\",\"url\":\"https:\\\/\\\/www.twincityhub.eu\\\/wp-content\\\/uploads\\\/2025\\\/03\\\/TCH_V2_co-branding_landscape_DE-scaled.png\",\"contentUrl\":\"https:\\\/\\\/www.twincityhub.eu\\\/wp-content\\\/uploads\\\/2025\\\/03\\\/TCH_V2_co-branding_landscape_DE-scaled.png\",\"width\":2560,\"height\":508,\"caption\":\"Twin City Future Innovation Manufacturing Hub\"},\"image\":{\"@id\":\"https:\\\/\\\/www.twincityhub.eu\\\/#\\\/schema\\\/logo\\\/image\\\/\"},\"sameAs\":[\"https:\\\/\\\/www.linkedin.com\\\/company\\\/twin-city-future-innovation-manufacturing-hub\\\/\",\"https:\\\/\\\/www.youtube.com\\\/@TwinCityHubSKAT\"]}]}<\/script>\n<!-- \/ Yoast SEO plugin. -->","yoast_head_json":{"title":"In2Make Industry meets Makers GmbH - Twin City Future Innovation Manufacturing Hub","robots":{"index":"index","follow":"follow","max-snippet":"max-snippet:-1","max-image-preview":"max-image-preview:large","max-video-preview":"max-video-preview:-1"},"canonical":"https:\/\/www.twincityhub.eu\/sk\/in2make-industry-meets-makers-gmbh\/","og_locale":"sk_SK","og_type":"article","og_title":"In2Make Industry meets Makers GmbH - Twin City Future Innovation Manufacturing Hub","og_description":"In2Make Industry meets Makers GmbHIn2Make Industry meets Makers GmbH je spolo\u010dnos\u0165 so s\u00eddlom vo Viedni, ktor\u00e1 u\u017e pribli\u017ene 10 rokov podporuje form\u00e1t \"Industry meets Makers\" s podporou rast\u00facej siete partnerov. Medzi partnerov patria lokaliza\u010dn\u00e9 agent\u00fary, vzdel\u00e1vacie in\u0161tit\u00facie, technologick\u00ed partneri, prev\u00e1dzkovatelia lokal\u00edt, v\u00fdskumn\u00e9 organiz\u00e1cie a mnoh\u00ed experti a multiplik\u00e1tori. O form\u00e1te \"Industry meets Makers\"Roland Vorarberger, Lens2 Industry meets Makers (IMM) je otvoren\u00e1 inova\u010dn\u00e1 iniciat\u00edva, ktor\u00e1 sp\u00e1ja popredn\u00e9 priemyseln\u00e9 spolo\u010dnosti s kreat\u00edvnymi mozgami z prostredia makerov - za\u010d\u00ednaj\u00facimi firmami, mal\u00fdmi a stredn\u00fdmi podnikmi, nez\u00e1visl\u00fdmi v\u00fdvoj\u00e1rmi, dizajn\u00e9rmi, \u0161tudentmi, v\u00fdskumn\u00edkmi, hobbyistami a \u010fal\u0161\u00edmi. Na z\u00e1klade re\u00e1lnych technologick\u00fdch v\u00fdziev (tzv. \"briefingov\") v oblastiach, ako s\u00fa umel\u00e1 inteligencia, robotika, internet vec\u00ed a priemysel 4.0, obe strany spolo\u010dne vyv\u00edjaj\u00fa inovat\u00edvne rie\u0161enia v p\u00e4\u0165mesa\u010dnej f\u00e1ze spolupr\u00e1ce s cie\u013eom vybudova\u0165 trval\u00e9 partnerstv\u00e1. IMM @ Twin City Hub\u00dalohou In2Make Industry meets Makers GmbH v r\u00e1mci projektu Twin City Hub je podeli\u0165 sa o sk\u00fasenosti, ktor\u00e9 organiz\u00e1cia z\u00edskala po\u010das nieko\u013ekoro\u010dnej realiz\u00e1cie IMM s partnermi na Slovensku. Stanovili sme si cie\u013e spolo\u010dne zorganizova\u0165 do konca projektu dve \u00faspe\u0161n\u00e9 nadn\u00e1rodn\u00e9 pilotn\u00e9 prev\u00e1dzky IMM, do ktor\u00fdch sa zapoja partneri z oboch kraj\u00edn a podujatia sa uskuto\u010dnia na oboch miestach. \u00dalohy v projekteIn2Make Industry meets Makers vedie pracovn\u00fd bal\u00edk 4 - \"Future Corporation\". Ciele: Umo\u017enenie [&hellip;]","og_url":"https:\/\/www.twincityhub.eu\/sk\/in2make-industry-meets-makers-gmbh\/","og_site_name":"Twin City Future Innovation Manufacturing Hub","article_modified_time":"2025-09-03T08:48:17+00:00","twitter_card":"summary_large_image","twitter_misc":{"Predpokladan\u00fd \u010das \u010d\u00edtania":"5 min\u00fat"},"schema":{"@context":"https:\/\/schema.org","@graph":[{"@type":"WebPage","@id":"https:\/\/www.twincityhub.eu\/sk\/in2make-industry-meets-makers-gmbh\/","url":"https:\/\/www.twincityhub.eu\/sk\/in2make-industry-meets-makers-gmbh\/","name":"In2Make Industry meets Makers GmbH - Twin City Future Innovation Manufacturing Hub","isPartOf":{"@id":"https:\/\/www.twincityhub.eu\/#website"},"datePublished":"2025-09-03T08:43:39+00:00","dateModified":"2025-09-03T08:48:17+00:00","breadcrumb":{"@id":"https:\/\/www.twincityhub.eu\/sk\/in2make-industry-meets-makers-gmbh\/#breadcrumb"},"inLanguage":"sk-SK","potentialAction":[{"@type":"ReadAction","target":["https:\/\/www.twincityhub.eu\/sk\/in2make-industry-meets-makers-gmbh\/"]}]},{"@type":"BreadcrumbList","@id":"https:\/\/www.twincityhub.eu\/sk\/in2make-industry-meets-makers-gmbh\/#breadcrumb","itemListElement":[{"@type":"ListItem","position":1,"name":"Startseite","item":"https:\/\/www.twincityhub.eu\/sk\/"},{"@type":"ListItem","position":2,"name":"In2Make Industry meets Makers GmbH"}]},{"@type":"WebSite","@id":"https:\/\/www.twincityhub.eu\/#website","url":"https:\/\/www.twincityhub.eu\/","name":"Twin City Future Innovation Manufacturing Hub","description":"2C FIMH","publisher":{"@id":"https:\/\/www.twincityhub.eu\/#organization"},"potentialAction":[{"@type":"SearchAction","target":{"@type":"EntryPoint","urlTemplate":"https:\/\/www.twincityhub.eu\/?s={search_term_string}"},"query-input":{"@type":"PropertyValueSpecification","valueRequired":true,"valueName":"search_term_string"}}],"inLanguage":"sk-SK"},{"@type":"Organization","@id":"https:\/\/www.twincityhub.eu\/#organization","name":"Twin City Future Innovation Manufacturing Hub","url":"https:\/\/www.twincityhub.eu\/","logo":{"@type":"ImageObject","inLanguage":"sk-SK","@id":"https:\/\/www.twincityhub.eu\/#\/schema\/logo\/image\/","url":"https:\/\/www.twincityhub.eu\/wp-content\/uploads\/2025\/03\/TCH_V2_co-branding_landscape_DE-scaled.png","contentUrl":"https:\/\/www.twincityhub.eu\/wp-content\/uploads\/2025\/03\/TCH_V2_co-branding_landscape_DE-scaled.png","width":2560,"height":508,"caption":"Twin City Future Innovation Manufacturing Hub"},"image":{"@id":"https:\/\/www.twincityhub.eu\/#\/schema\/logo\/image\/"},"sameAs":["https:\/\/www.linkedin.com\/company\/twin-city-future-innovation-manufacturing-hub\/","https:\/\/www.youtube.com\/@TwinCityHubSKAT"]}]}},"_links":{"self":[{"href":"https:\/\/www.twincityhub.eu\/sk\/wp-json\/wp\/v2\/pages\/2499","targetHints":{"allow":["GET"]}}],"collection":[{"href":"https:\/\/www.twincityhub.eu\/sk\/wp-json\/wp\/v2\/pages"}],"about":[{"href":"https:\/\/www.twincityhub.eu\/sk\/wp-json\/wp\/v2\/types\/page"}],"author":[{"embeddable":true,"href":"https:\/\/www.twincityhub.eu\/sk\/wp-json\/wp\/v2\/users\/2"}],"replies":[{"embeddable":true,"href":"https:\/\/www.twincityhub.eu\/sk\/wp-json\/wp\/v2\/comments?post=2499"}],"version-history":[{"count":2,"href":"https:\/\/www.twincityhub.eu\/sk\/wp-json\/wp\/v2\/pages\/2499\/revisions"}],"predecessor-version":[{"id":2501,"href":"https:\/\/www.twincityhub.eu\/sk\/wp-json\/wp\/v2\/pages\/2499\/revisions\/2501"}],"wp:attachment":[{"href":"https:\/\/www.twincityhub.eu\/sk\/wp-json\/wp\/v2\/media?parent=2499"}],"curies":[{"name":"wp","href":"https:\/\/api.w.org\/{rel}","templated":true}]}}